{"id":315,"date":"2017-07-11T08:17:24","date_gmt":"2017-07-11T08:17:24","guid":{"rendered":"http:\/\/www.debodegas.com\/en\/pagina-ejemplo\/"},"modified":"2022-11-29T17:53:58","modified_gmt":"2022-11-29T17:53:58","slug":"spain-through-its-wineries","status":"publish","type":"page","link":"https:\/\/www.debodegas.com\/en\/spain-through-its-wineries\/","title":{"rendered":"Spain Through Its Wineries"},"content":{"rendered":"<p>[vc_row full_width=&#8221;stretch_row_content_no_spaces&#8221; parallax=&#8221;content-moving&#8221; parallax_image=&#8221;46&#8243; parallax_speed_bg=&#8221;3.5&#8243; el_class=&#8221;centrar&#8221;][vc_column][vc_empty_space height=&#8221;40px&#8221;][vc_column_text]<img loading=\"lazy\" decoding=\"async\" class=\"aligncenter size-full wp-image-90\" src=\"https:\/\/www.debodegas.com\/wp-content\/uploads\/2017\/07\/separador-blanco.png\" alt=\"\" width=\"400\" height=\"4\" srcset=\"https:\/\/www.debodegas.com\/wp-content\/uploads\/2017\/07\/separador-blanco.png 400w, https:\/\/www.debodegas.com\/wp-content\/uploads\/2017\/07\/separador-blanco-300x3.png 300w\" sizes=\"auto, (max-width: 400px) 100vw, 400px\" \/><\/p>\n<h2>Spain Through Its Wineries<\/h2>\n<p class=\"entradilla\"><strong>The Leading Brands of Spain Forum and the World Tourism Organization (UNWTO)<\/strong> agreed to the development of a Prototype aiming to create a tourism model positioning Spain as an international benchmark in wine tourism.<\/p>\n<p>[\/vc_column_text][vc_empty_space height=&#8221;40px&#8221;][\/vc_column][\/vc_row][vc_row][vc_column width=&#8221;5\/6&#8243;][vc_column_text]<\/p>\n<h3>Members<\/h3>\n<p>Five of the leading Spanish wineries, members of the Forum, are participating in this project: <strong>Barbadillo, Gonz\u00e1lez-Byass, Grupo Freixenet, Osborne and Pagos del Rey (Grupo F\u00e9lix Sol\u00eds)<\/strong>, joined by other members of the Leading Brands of Spain Forum, such as the <strong>Matarromera family of wineries, Ram\u00f3n Bilbao (Grupo Diego Zamora), Terras Gauda and Vivanco<\/strong>.[\/vc_column_text][\/vc_column][vc_column width=&#8221;1\/6&#8243;][\/vc_column][\/vc_row][vc_row][vc_column][vc_column_text]<\/p>\n<h3>Wineries<\/h3>\n<p>[\/vc_column_text][\/vc_column][\/vc_row][vc_row][vc_column width=&#8221;1\/6&#8243;][vc_column_text]<a href=\"http:\/\/barbadillo.com\/enoturismo-y-espacios\" target=\"_blank\" rel=\"noopener noreferrer\"><img loading=\"lazy\" decoding=\"async\" class=\"aligncenter wp-image-131 size-full\" src=\"https:\/\/www.debodegas.com\/wp-content\/uploads\/2017\/07\/barbadillo.jpg\" width=\"229\" height=\"150\" \/><\/a>[\/vc_column_text][\/vc_column][vc_column width=&#8221;1\/6&#8243;][vc_column_text]<a href=\"http:\/\/www.gonzalezbyass.com\/enoturismo\" target=\"_blank\" rel=\"noopener noreferrer\"><img loading=\"lazy\" decoding=\"async\" class=\"aligncenter wp-image-131 size-full\" src=\"https:\/\/www.debodegas.com\/wp-content\/uploads\/2017\/07\/gonzalez-byass.jpg\" width=\"229\" height=\"150\" \/><\/a>[\/vc_column_text][\/vc_column][vc_column width=&#8221;1\/6&#8243;][vc_column_text]<a href=\"http:\/\/blog.freixenet.es\/index.php\/category\/enoturismo\" target=\"_blank\" rel=\"noopener noreferrer\"><img loading=\"lazy\" decoding=\"async\" class=\"aligncenter wp-image-131 size-full\" src=\"https:\/\/www.debodegas.com\/wp-content\/uploads\/2017\/07\/freixenet.jpg\" width=\"229\" height=\"150\" \/><\/a>[\/vc_column_text][\/vc_column][vc_column width=&#8221;1\/6&#8243;][vc_column_text]<a href=\"https:\/\/www.osborne.es\/es\/experiencias#enoturismo\" target=\"_blank\" rel=\"noopener noreferrer\"><img loading=\"lazy\" decoding=\"async\" class=\"aligncenter wp-image-131 size-full\" src=\"https:\/\/www.debodegas.com\/wp-content\/uploads\/2017\/07\/osborne.jpg\" width=\"229\" height=\"150\" \/><\/a>[\/vc_column_text][\/vc_column][vc_column width=&#8221;1\/6&#8243;][vc_column_text]<a href=\"http:\/\/www.pagosdelrey.com\/wine-culture-tag\/enoturismo\" target=\"_blank\" rel=\"noopener noreferrer\"><img loading=\"lazy\" decoding=\"async\" class=\"aligncenter wp-image-131 size-full\" src=\"https:\/\/www.debodegas.com\/wp-content\/uploads\/2017\/07\/pagos-del-rey.jpg\" width=\"229\" height=\"150\" \/><\/a>[\/vc_column_text][\/vc_column][vc_column width=&#8221;1\/6&#8243;][\/vc_column][\/vc_row][vc_row][vc_column width=&#8221;1\/6&#8243;][vc_column_text]<a href=\"http:\/\/www.matarromera.es\" target=\"_blank\" rel=\"noopener noreferrer\"><img loading=\"lazy\" decoding=\"async\" class=\"aligncenter wp-image-131 size-full\" src=\"https:\/\/www.debodegas.com\/wp-content\/uploads\/2017\/08\/matarromera.jpg\" width=\"229\" height=\"150\" \/><\/a>[\/vc_column_text][\/vc_column][vc_column width=&#8221;1\/6&#8243;][vc_column_text]<a href=\"https:\/\/www.bodegasramonbilbao.es\/es\/noticia\/premios-best-of-de-turismo-vitivinicola\" target=\"_blank\" rel=\"noopener noreferrer\"><img loading=\"lazy\" decoding=\"async\" class=\"aligncenter wp-image-131 size-full\" src=\"https:\/\/www.debodegas.com\/wp-content\/uploads\/2017\/07\/ramon-bilbao.jpg\" width=\"229\" height=\"150\" \/><\/a>[\/vc_column_text][\/vc_column][vc_column width=&#8221;1\/6&#8243;][vc_column_text]<a href=\"http:\/\/www.terrasgauda.com\/#grupo\" target=\"_blank\" rel=\"noopener noreferrer\"><img loading=\"lazy\" decoding=\"async\" class=\"aligncenter wp-image-131 size-full\" src=\"https:\/\/www.debodegas.com\/wp-content\/uploads\/2017\/08\/terras-gauda.jpg\" width=\"229\" height=\"150\" \/><\/a>[\/vc_column_text][\/vc_column][vc_column width=&#8221;1\/6&#8243;][vc_column_text]<a href=\"https:\/\/vivancoculturadevino.es\/blog\/tag\/enoturismo\" target=\"_blank\" rel=\"noopener noreferrer\"><img loading=\"lazy\" decoding=\"async\" class=\"aligncenter wp-image-131 size-full\" src=\"https:\/\/www.debodegas.com\/wp-content\/uploads\/2017\/08\/vivanco.jpg\" width=\"229\" height=\"150\" \/><\/a>[\/vc_column_text][\/vc_column][vc_column width=&#8221;1\/6&#8243;][\/vc_column][vc_column width=&#8221;1\/6&#8243;][\/vc_column][\/vc_row][vc_row][vc_column width=&#8221;1\/2&#8243;][vc_column_text]<\/p>\n<h3>Honorary Member<\/h3>\n<p>[\/vc_column_text][vc_row_inner][vc_column_inner width=&#8221;1\/3&#8243;][vc_column_text]<a href=\"http:\/\/www2.unwto.org\/es\" target=\"_blank\" rel=\"noopener noreferrer\"><img loading=\"lazy\" decoding=\"async\" class=\"aligncenter size-full wp-image-2261\" src=\"https:\/\/www.debodegas.com\/wp-content\/uploads\/2017\/07\/unwto-1.jpg\" alt=\"\" width=\"229\" height=\"150\" \/><\/a>[\/vc_column_text][\/vc_column_inner][vc_column_inner width=&#8221;1\/3&#8243;][\/vc_column_inner][vc_column_inner width=&#8221;1\/3&#8243;][\/vc_column_inner][\/vc_row_inner][\/vc_column][vc_column width=&#8221;1\/2&#8243;][vc_column_text]<\/p>\n<h3>Organizer<\/h3>\n<p>[\/vc_column_text][vc_row_inner][vc_column_inner width=&#8221;1\/2&#8243;][vc_column_text]<img loading=\"lazy\" decoding=\"async\" class=\"alignnone wp-image-3936 size-medium\" src=\"https:\/\/www.debodegas.com\/wp-content\/uploads\/2022\/11\/AF_FMRE_Logotipo_RGB-01-EN-300x165.png\" alt=\"\" width=\"300\" height=\"165\" srcset=\"https:\/\/www.debodegas.com\/wp-content\/uploads\/2022\/11\/AF_FMRE_Logotipo_RGB-01-EN-300x165.png 300w, https:\/\/www.debodegas.com\/wp-content\/uploads\/2022\/11\/AF_FMRE_Logotipo_RGB-01-EN.png 674w\" sizes=\"auto, (max-width: 300px) 100vw, 300px\" \/>[\/vc_column_text][\/vc_column_inner][vc_column_inner width=&#8221;1\/2&#8243;][\/vc_column_inner][\/vc_row_inner][\/vc_column][\/vc_row][vc_row][vc_column width=&#8221;1\/2&#8243;][vc_row_inner][vc_column_inner][vc_column_text]<\/p>\n<h3>Affiliates \u2022 Gran Reserva<\/h3>\n<p>[\/vc_column_text][\/vc_column_inner][\/vc_row_inner][vc_row_inner][vc_column_inner width=&#8221;1\/3&#8243;][vc_column_text]<img loading=\"lazy\" decoding=\"async\" class=\"aligncenter size-full wp-image-1009\" src=\"https:\/\/www.debodegas.com\/wp-content\/uploads\/2018\/01\/cajamar.jpg\" alt=\"\" width=\"400\" height=\"150\" srcset=\"https:\/\/www.debodegas.com\/wp-content\/uploads\/2018\/01\/cajamar.jpg 400w, https:\/\/www.debodegas.com\/wp-content\/uploads\/2018\/01\/cajamar-300x113.jpg 300w\" sizes=\"auto, (max-width: 400px) 100vw, 400px\" \/>[\/vc_column_text][\/vc_column_inner][vc_column_inner width=&#8221;1\/3&#8243;][\/vc_column_inner][vc_column_inner width=&#8221;1\/3&#8243;][\/vc_column_inner][\/vc_row_inner][\/vc_column][vc_column width=&#8221;1\/2&#8243;][vc_row_inner][vc_column_inner][vc_column_text]<\/p>\n<h3>Affiliates \u2022 Reserva<\/h3>\n<p>[\/vc_column_text][\/vc_column_inner][\/vc_row_inner][vc_row_inner][vc_column_inner width=&#8221;1\/4&#8243;][vc_column_text]<a href=\"http:\/\/haciendaguzman.com\/\" target=\"_blank\" rel=\"noopener noreferrer\"><img loading=\"lazy\" decoding=\"async\" class=\"aligncenter size-full wp-image-974\" src=\"https:\/\/www.debodegas.com\/wp-content\/uploads\/2017\/07\/hacienda-guzman.jpg\" alt=\"\" width=\"229\" height=\"150\" \/><\/a>[\/vc_column_text][\/vc_column_inner][vc_column_inner width=&#8221;1\/4&#8243;][vc_column_text]<a href=\"http:\/\/www.parador.es\/es\" target=\"_blank\" rel=\"noopener noreferrer\"><img loading=\"lazy\" decoding=\"async\" class=\"aligncenter size-full wp-image-976\" src=\"https:\/\/www.debodegas.com\/wp-content\/uploads\/2017\/07\/paradores.jpg\" alt=\"\" width=\"229\" height=\"150\" \/><\/a>[\/vc_column_text][\/vc_column_inner][vc_column_inner width=&#8221;1\/4&#8243;][vc_column_text]<a href=\"https:\/\/www.vinopremier.com\/\" target=\"_blank\" rel=\"noopener noreferrer\"><img loading=\"lazy\" decoding=\"async\" class=\"aligncenter size-full wp-image-3333\" src=\"https:\/\/www.debodegas.com\/wp-content\/uploads\/2019\/05\/vino-premier.jpg\" alt=\"\" width=\"229\" height=\"150\" \/><\/a>[\/vc_column_text][\/vc_column_inner][vc_column_inner width=&#8221;1\/4&#8243;][\/vc_column_inner][\/vc_row_inner][\/vc_column][\/vc_row][vc_row][vc_column][vc_column_text]<\/p>\n<h3>Affiliates \u2022 Crianza<\/h3>\n<p>[\/vc_column_text][\/vc_column][\/vc_row][vc_row][vc_column width=&#8221;1\/6&#8243;][vc_column_text]<a href=\"http:\/\/www.gastropass.es\/\" target=\"_blank\" rel=\"noopener noreferrer\"><img loading=\"lazy\" decoding=\"async\" class=\"aligncenter wp-image-131 size-full\" src=\"https:\/\/www.debodegas.com\/wp-content\/uploads\/2017\/07\/gastropass.jpg\" width=\"229\" height=\"150\" \/><\/a>[\/vc_column_text][\/vc_column][vc_column width=&#8221;1\/6&#8243;][vc_column_text]<a href=\"http:\/\/www.madisonmk.com\/\" target=\"_blank\" rel=\"noopener noreferrer\"><img loading=\"lazy\" decoding=\"async\" class=\"aligncenter size-full wp-image-979\" src=\"https:\/\/www.debodegas.com\/wp-content\/uploads\/2017\/07\/madison.jpg\" alt=\"\" width=\"229\" height=\"150\" \/><\/a>[\/vc_column_text][\/vc_column][vc_column width=&#8221;1\/6&#8243;][vc_column_text]<img loading=\"lazy\" decoding=\"async\" class=\"aligncenter size-full wp-image-1474\" src=\"https:\/\/www.debodegas.com\/wp-content\/uploads\/2017\/07\/catenon-1.jpg\" alt=\"\" width=\"229\" height=\"150\" \/>[\/vc_column_text][\/vc_column][vc_column width=&#8221;1\/6&#8243;][vc_column_text]<a href=\"http:\/\/www.bodegaberroja.com\/\" target=\"_blank\" rel=\"noopener noreferrer\"><img loading=\"lazy\" decoding=\"async\" class=\"aligncenter size-full wp-image-2147\" src=\"https:\/\/www.debodegas.com\/wp-content\/uploads\/2017\/07\/bodega-berroja.jpg\" alt=\"\" width=\"229\" height=\"150\" \/><\/a>[\/vc_column_text][\/vc_column][vc_column width=&#8221;1\/6&#8243;][vc_column_text]<a href=\"https:\/\/bottelo.es\/?lang=en\" target=\"_blank\" rel=\"noopener noreferrer\"><img loading=\"lazy\" decoding=\"async\" class=\"aligncenter size-full wp-image-2147\" src=\"https:\/\/www.debodegas.com\/wp-content\/uploads\/2019\/03\/bottelo.jpg\" alt=\"\" width=\"229\" height=\"150\" \/><\/a>[\/vc_column_text][\/vc_column][vc_column width=&#8221;1\/6&#8243;][\/vc_column][\/vc_row][vc_row][vc_column width=&#8221;5\/6&#8243;][vc_empty_space height=&#8221;60px&#8221;][vc_column_text]<\/p>\n<h3>Spain: 6th most popular wine tourism destination<\/h3>\n<p>Every year, Spain welcomes <strong>16.4 million tourists that are regular wine drinkers<\/strong>, from Germany, the United Kingdom, Switzerland, the United States, the Netherlands and Belgium. <strong>21% of these, buy or consume wine<\/strong>.<\/p>\n<h3>Potential<\/h3>\n<p class=\"entradilla\">The <strong>potential market for tourists<\/strong> who may have an interest in visiting wineries is around <strong>40% of all tourists<\/strong>. The positive perception of Spanish wines held by tourists increases by 18% during their visit. By the time these tourists return to their home countries, their intention to consume Spanish wines has increased by 24%.<\/p>\n<p><img loading=\"lazy\" decoding=\"async\" class=\"aligncenter size-full wp-image-1127\" src=\"https:\/\/www.debodegas.com\/wp-content\/uploads\/2017\/07\/infografia1-en.jpg\" alt=\"\" width=\"722\" height=\"276\" srcset=\"https:\/\/www.debodegas.com\/wp-content\/uploads\/2017\/07\/infografia1-en.jpg 722w, https:\/\/www.debodegas.com\/wp-content\/uploads\/2017\/07\/infografia1-en-300x115.jpg 300w\" sizes=\"auto, (max-width: 722px) 100vw, 722px\" \/><\/p>\n<p><img loading=\"lazy\" decoding=\"async\" class=\"aligncenter size-full wp-image-1130\" src=\"https:\/\/www.debodegas.com\/wp-content\/uploads\/2018\/01\/mapa-espana.jpg\" alt=\"\" width=\"554\" height=\"410\" srcset=\"https:\/\/www.debodegas.com\/wp-content\/uploads\/2018\/01\/mapa-espana.jpg 554w, https:\/\/www.debodegas.com\/wp-content\/uploads\/2018\/01\/mapa-espana-300x222.jpg 300w\" sizes=\"auto, (max-width: 554px) 100vw, 554px\" \/><\/p>\n<h3>Mission<\/h3>\n<p>To provide unique tourist experiences related to wineries and their brands, which in turn generate customer loyalty, ensuring they return to Spain to continue their journey of discovering the country through its wineries.<\/p>\n<h3>Vision<\/h3>\n<p class=\"entradilla\">To serve as a model global reference for wine tourism management, bringing together the know-how conferred from being one of the largest wine-producing countries in the world and the value derived befalling from being second most visited tourism destination world-wide.<\/p>\n<p class=\"entradilla\">Designed by the World Tourism Organization (UNWTO), a United Nations agency whose headquarters are located in Spain, this model is based on its prototype methodology \u2013 a tool for innovation in tourism products. Spain Through its Wineries, a pioneer in this field, counts on the support of UNWTO and is part of the International Tourism Oenological Network of UNWTO: The Joyful Journey.<\/p>\n<h3>Values<\/h3>\n<p class=\"entradilla\">Sustainability in all of its forms, (including but not limited to environmental and socio-economic factors), as well as the premises defended by the United Nations through the World Tourism Organization: the enhancement of sustainable, responsible and accessible tourism as a tool for development, competitiveness and positive impact throughout the value chain.<\/p>\n<p class=\"entradilla\">Another central goal of this ground-breaking project is to address the issue of seasonality in tourism by offering a high yielding added-value proposition that is both authentic and differentiated, which would effectively enhance the territory and foster rural economic development.<\/p>\n<p><img loading=\"lazy\" decoding=\"async\" class=\"aligncenter size-full wp-image-1134\" src=\"https:\/\/www.debodegas.com\/wp-content\/uploads\/2017\/07\/objetivos-en.jpg\" alt=\"\" width=\"775\" height=\"381\" srcset=\"https:\/\/www.debodegas.com\/wp-content\/uploads\/2017\/07\/objetivos-en.jpg 775w, https:\/\/www.debodegas.com\/wp-content\/uploads\/2017\/07\/objetivos-en-300x147.jpg 300w, https:\/\/www.debodegas.com\/wp-content\/uploads\/2017\/07\/objetivos-en-768x378.jpg 768w\" sizes=\"auto, (max-width: 775px) 100vw, 775px\" \/>[\/vc_column_text][\/vc_column][vc_column width=&#8221;1\/6&#8243;][\/vc_column][\/vc_row][vc_row][vc_column][vc_empty_space height=&#8221;100px&#8221;][\/vc_column][\/vc_row]<\/p>\n","protected":false},"excerpt":{"rendered":"<p>[vc_row full_width=&#8221;stretch_row_content_no_spaces&#8221; parallax=&#8221;content-moving&#8221; parallax_image=&#8221;46&#8243; parallax_speed_bg=&#8221;3.5&#8243; el_class=&#8221;centrar&#8221;][vc_column][vc_empty_space height=&#8221;40px&#8221;][vc_column_text] Spain Through Its Wineries The Leading Brands of Spain Forum and the World Tourism Organization (UNWTO) agreed to the development of a Prototype aiming to create a tourism model positioning Spain as an international benchmark in wine tourism. [\/vc_column_text][vc_empty_space height=&#8221;40px&#8221;][\/vc_column][\/vc_row][vc_row][vc_column width=&#8221;5\/6&#8243;][vc_column_text] Members Five of the leading Spanish wineries, [&hellip;]<\/p>\n","protected":false},"author":1,"featured_media":0,"parent":0,"menu_order":0,"comment_status":"closed","ping_status":"closed","template":"","meta":{"footnotes":""},"class_list":["post-315","page","type-page","status-publish","hentry"],"_links":{"self":[{"href":"https:\/\/www.debodegas.com\/en\/wp-json\/wp\/v2\/pages\/315","targetHints":{"allow":["GET"]}}],"collection":[{"href":"https:\/\/www.debodegas.com\/en\/wp-json\/wp\/v2\/pages"}],"about":[{"href":"https:\/\/www.debodegas.com\/en\/wp-json\/wp\/v2\/types\/page"}],"author":[{"embeddable":true,"href":"https:\/\/www.debodegas.com\/en\/wp-json\/wp\/v2\/users\/1"}],"replies":[{"embeddable":true,"href":"https:\/\/www.debodegas.com\/en\/wp-json\/wp\/v2\/comments?post=315"}],"version-history":[{"count":42,"href":"https:\/\/www.debodegas.com\/en\/wp-json\/wp\/v2\/pages\/315\/revisions"}],"predecessor-version":[{"id":3938,"href":"https:\/\/www.debodegas.com\/en\/wp-json\/wp\/v2\/pages\/315\/revisions\/3938"}],"wp:attachment":[{"href":"https:\/\/www.debodegas.com\/en\/wp-json\/wp\/v2\/media?parent=315"}],"curies":[{"name":"wp","href":"https:\/\/api.w.org\/{rel}","templated":true}]}}